{"id":2245,"date":"2024-12-11T14:06:57","date_gmt":"2024-12-11T14:06:57","guid":{"rendered":"https:\/\/livingbycarlos.test\/ueber-uns\/"},"modified":"2025-02-13T13:49:40","modified_gmt":"2025-02-13T13:49:40","slug":"ueber-uns","status":"publish","type":"page","link":"https:\/\/livingbycarlos.rwdesarrollos.es\/de\/ueber-uns\/","title":{"rendered":"\u00dcber uns"},"content":{"rendered":"\n<div class=\"wp-block-group about_us__container\"><div class=\"wp-block-group__inner-container is-layout-constrained wp-block-group-is-layout-constrained\">\n<div class=\"wp-block-columns are-vertically-aligned-center intro is-layout-flex wp-container-core-columns-is-layout-9d6595d7 wp-block-columns-is-layout-flex\">\n<div class=\"wp-block-column is-vertically-aligned-center is-layout-flow wp-block-column-is-layout-flow\">\n<h2 class=\"wp-block-heading title-h2\">Wir von Living by Carlos haben uns darauf spezialisiert, Menschen mit einzigartigen Immobilien zusammenzubringen, die das Wesen Mallorcas einfangen.<\/h2>\n\n\n\n<p>Bei <strong>Living by Carlos<\/strong>, vereinen wir Erfahrung und Leidenschaft f\u00fcr den Immobiliensektor um Ihnen <strong>exklusiveImmobilien auf Mallorca<\/strong> anzubieten. Unser individueller Ansatz gew\u00e4hrleistet sichere und rentable Investitionen, Wir helfen Ihnen, das perfekte Haus oder Projekt zu finden . <\/p>\n<\/div>\n\n\n\n<div class=\"wp-block-column is-vertically-aligned-center is-layout-flow wp-block-column-is-layout-flow\">\n<figure class=\"wp-block-image size-large\"><img loading=\"lazy\" decoding=\"async\" width=\"768\" height=\"1024\" src=\"https:\/\/livingbycarlos.rwdesarrollos.es\/wp-content\/uploads\/2025\/01\/94045cd1539ea3b3ef6b584137bbf5e0-768x1024.jpg\" alt=\"\" class=\"wp-image-37\" style=\"object-fit:cover\" srcset=\"https:\/\/livingbycarlos.rwdesarrollos.es\/wp-content\/uploads\/2025\/01\/94045cd1539ea3b3ef6b584137bbf5e0-768x1024.jpg 768w, https:\/\/livingbycarlos.rwdesarrollos.es\/wp-content\/uploads\/2025\/01\/94045cd1539ea3b3ef6b584137bbf5e0-225x300.jpg 225w, https:\/\/livingbycarlos.rwdesarrollos.es\/wp-content\/uploads\/2025\/01\/94045cd1539ea3b3ef6b584137bbf5e0-1152x1536.jpg 1152w, https:\/\/livingbycarlos.rwdesarrollos.es\/wp-content\/uploads\/2025\/01\/94045cd1539ea3b3ef6b584137bbf5e0-1536x2048.jpg 1536w, https:\/\/livingbycarlos.rwdesarrollos.es\/wp-content\/uploads\/2025\/01\/94045cd1539ea3b3ef6b584137bbf5e0-scaled.jpg 1920w\" sizes=\"auto, (max-width: 768px) 100vw, 768px\" \/><\/figure>\n<\/div>\n<\/div>\n\n\n\n<div class=\"wp-block-columns images is-layout-flex wp-container-core-columns-is-layout-9d6595d7 wp-block-columns-is-layout-flex\">\n<div class=\"wp-block-column is-vertically-aligned-center is-layout-flow wp-block-column-is-layout-flow\" style=\"flex-basis:63%\">\n<figure class=\"wp-block-image size-large\"><img loading=\"lazy\" decoding=\"async\" width=\"1024\" height=\"741\" src=\"https:\/\/livingbycarlos.rwdesarrollos.es\/wp-content\/uploads\/2025\/01\/sobre-nosotros-1-1024x741.png\" alt=\"\" class=\"wp-image-895\" srcset=\"https:\/\/livingbycarlos.rwdesarrollos.es\/wp-content\/uploads\/2025\/01\/sobre-nosotros-1-1024x741.png 1024w, https:\/\/livingbycarlos.rwdesarrollos.es\/wp-content\/uploads\/2025\/01\/sobre-nosotros-1-300x217.png 300w, https:\/\/livingbycarlos.rwdesarrollos.es\/wp-content\/uploads\/2025\/01\/sobre-nosotros-1-768x556.png 768w, https:\/\/livingbycarlos.rwdesarrollos.es\/wp-content\/uploads\/2025\/01\/sobre-nosotros-1.png 1050w\" sizes=\"auto, (max-width: 1024px) 100vw, 1024px\" \/><\/figure>\n<\/div>\n\n\n\n<div class=\"wp-block-column is-vertically-aligned-center is-layout-flow wp-block-column-is-layout-flow\" style=\"flex-basis:37%\">\n<p>Bei <strong>Living by Carlos<\/strong>, haben wir uns darauf spezialisiert , Menschen mit <strong> einzigartigenImmobilien auf Mallorca<\/strong> zusammenzubringen, zugeschnitten auf jeden Lebensstil und jedes Bed\u00fcrfnis. Mit mehr als <strong>20 Jahren Erfahrung<\/strong>, bietet unser Team einen <strong>exklusiven und pers\u00f6nlichen<\/strong> Service, Wir sorgen daf\u00fcr, dass jeder Kunde die beste Gelegenheit auf dem Markt findet. <\/p>\n\n\n\n<p>Unsere Philosophie basiert auf <strong>Professionalit\u00e4t, Vertrauen und Flexibilit\u00e4t<\/strong>, Wir garantieren ein umfassendes Immobilienmanagement , vom An- und Verkauf \u00fcber den vom <strong>An- und Verkauf<\/strong> bis hin zum <strong> Asset- und Investmentmanagement<\/strong>. Wir kennen den Wert einer jeden Immobilie und arbeiten mit den besten Spezialisten zusammen den besten Spezialisten zusammen , um Ihnen optimale L\u00f6sungen zu bieten. <\/p>\n\n\n\n<p>Egal, ob Sie auf der Suche nach einem au\u00dfergew\u00f6hnlichen Haus oder einer rentablen Investition sind, <strong>Living by Carlos<\/strong> ist Ihr bester Verb\u00fcndeter auf dem Immobilienmarkt von Mallorca. <strong>Entdecken Sie unsere exklusiven M\u00f6glichkeiten.<\/strong><\/p>\n<\/div>\n<\/div>\n<\/div><\/div>\n\n<div class=\"wp-block-group home_services__container\"><div class=\"wp-block-group__inner-container is-layout-constrained wp-block-group-is-layout-constrained\">\n<div class=\"wp-block-columns is-layout-flex wp-container-core-columns-is-layout-9d6595d7 wp-block-columns-is-layout-flex\">\n<div class=\"wp-block-column is-layout-flow wp-block-column-is-layout-flow\">\n<h6 class=\"wp-block-heading title-h6\">Dienstleistungen<\/h6>\n\n\n\n<h3 class=\"wp-block-heading title-h2\">Die besten L\u00f6sungen<\/h3>\n\n\n\n<p>Bei <strong>Living by Carlos<\/strong>, bieten wir personalisierte Immobilienl\u00f6sungen f\u00fcr <strong>K\u00e4ufer, Investoren und Eigent\u00fcmer<\/strong>. Wir optimieren jeden Vorgang durch professionelles, flexibles und effizientes Management, Wir garantieren <strong>Rentabilit\u00e4t und Sicherheit<\/strong> bei jeder Investition. <strong>Vertrauen Sie auf Experten , um die beste Entscheidung zu treffen.<\/strong> <\/p>\n<\/div>\n\n\n\n<div class=\"wp-block-column is-vertically-aligned-bottom is-layout-flow wp-block-column-is-layout-flow\">\n<div class=\"wp-block-buttons is-content-justification-right is-layout-flex wp-container-core-buttons-is-layout-765c4724 wp-block-buttons-is-layout-flex\">\n<div class=\"wp-block-button\"><a class=\"wp-block-button__link wp-element-button\" href=\"https:\/\/livingbycarlos.rwdesarrollos.es\/sale\/\">Alle Eigenschaften anzeigen<\/a><\/div>\n<\/div>\n<\/div>\n<\/div>\n<\/div><\/div>\n\n<div class=\"wp-block-group home_strengths__container\"><div class=\"wp-block-group__inner-container is-layout-constrained wp-block-group-is-layout-constrained\">\n<div class=\"wp-block-columns is-layout-flex wp-container-core-columns-is-layout-9d6595d7 wp-block-columns-is-layout-flex\">\n<div class=\"wp-block-column is-layout-flow wp-block-column-is-layout-flow\">\n<figure class=\"wp-block-image size-large is-resized icon\"><img loading=\"lazy\" decoding=\"async\" width=\"32\" height=\"32\" src=\"https:\/\/livingbycarlos.rwdesarrollos.es\/wp-content\/uploads\/2025\/01\/User-multiple.svg\" alt=\"\" class=\"wp-image-51\" style=\"object-fit:cover;width:32px;height:32px\"\/><\/figure>\n\n\n\n<h6 class=\"wp-block-heading title-h6 title-black\">Personalisierte Behandlung<\/h6>\n\n\n\n<p>Ma\u00dfgeschneiderte Beratung , um die perfekte Immobilie f\u00fcr Ihre Bed\u00fcrfnisse zu finden.<\/p>\n\n\n\n<figure class=\"wp-block-image size-full\"><img loading=\"lazy\" decoding=\"async\" width=\"444\" height=\"328\" src=\"https:\/\/livingbycarlos.rwdesarrollos.es\/wp-content\/uploads\/2025\/01\/Rectangle-4.png\" alt=\"\" class=\"wp-image-47\" srcset=\"https:\/\/livingbycarlos.rwdesarrollos.es\/wp-content\/uploads\/2025\/01\/Rectangle-4.png 444w, https:\/\/livingbycarlos.rwdesarrollos.es\/wp-content\/uploads\/2025\/01\/Rectangle-4-300x222.png 300w\" sizes=\"auto, (max-width: 444px) 100vw, 444px\" \/><\/figure>\n<\/div>\n\n\n\n<div class=\"wp-block-column is-layout-flow wp-block-column-is-layout-flow\">\n<figure class=\"wp-block-image size-large is-resized icon\"><img loading=\"lazy\" decoding=\"async\" width=\"32\" height=\"32\" src=\"https:\/\/livingbycarlos.rwdesarrollos.es\/wp-content\/uploads\/2025\/01\/Building.svg\" alt=\"\" class=\"wp-image-65\" style=\"object-fit:cover;width:32px;height:32px\"\/><\/figure>\n\n\n\n<h6 class=\"wp-block-heading title-h6 title-black\">Verm\u00f6gensverwaltung<\/h6>\n\n\n\n<p>Wir maximieren den Wert Ihrer Anlagen durch eine fachkundige und effiziente Verwaltung.<\/p>\n\n\n\n<figure class=\"wp-block-image size-full\"><img loading=\"lazy\" decoding=\"async\" width=\"444\" height=\"328\" src=\"https:\/\/livingbycarlos.rwdesarrollos.es\/wp-content\/uploads\/2025\/01\/Rectangle-5.png\" alt=\"\" class=\"wp-image-56\" srcset=\"https:\/\/livingbycarlos.rwdesarrollos.es\/wp-content\/uploads\/2025\/01\/Rectangle-5.png 444w, https:\/\/livingbycarlos.rwdesarrollos.es\/wp-content\/uploads\/2025\/01\/Rectangle-5-300x222.png 300w\" sizes=\"auto, (max-width: 444px) 100vw, 444px\" \/><\/figure>\n<\/div>\n\n\n\n<div class=\"wp-block-column is-layout-flow wp-block-column-is-layout-flow\">\n<figure class=\"wp-block-image size-full is-resized icon\"><img loading=\"lazy\" decoding=\"async\" width=\"33\" height=\"32\" src=\"https:\/\/livingbycarlos.rwdesarrollos.es\/wp-content\/uploads\/2025\/01\/Currency-euro.png\" alt=\"\" class=\"wp-image-68\" style=\"object-fit:cover;width:32px;height:32px\"\/><\/figure>\n\n\n\n<h6 class=\"wp-block-heading title-h6 title-black\">Machbarkeitsanalyse<\/h6>\n\n\n\n<p>Wir pr\u00fcfen jede M\u00f6glichkeit, um die Rentabilit\u00e4t und Sicherheit Ihrer Investition zu gew\u00e4hrleisten.<\/p>\n\n\n\n<figure class=\"wp-block-image size-full\"><img loading=\"lazy\" decoding=\"async\" width=\"444\" height=\"328\" src=\"https:\/\/livingbycarlos.rwdesarrollos.es\/wp-content\/uploads\/2025\/01\/Rectangle-6.png\" alt=\"\" class=\"wp-image-59\" srcset=\"https:\/\/livingbycarlos.rwdesarrollos.es\/wp-content\/uploads\/2025\/01\/Rectangle-6.png 444w, https:\/\/livingbycarlos.rwdesarrollos.es\/wp-content\/uploads\/2025\/01\/Rectangle-6-300x222.png 300w\" sizes=\"auto, (max-width: 444px) 100vw, 444px\" \/><\/figure>\n<\/div>\n\n\n\n<div class=\"wp-block-column is-layout-flow wp-block-column-is-layout-flow\">\n<figure class=\"wp-block-image size-large is-resized icon\"><img loading=\"lazy\" decoding=\"async\" width=\"33\" height=\"32\" src=\"https:\/\/livingbycarlos.rwdesarrollos.es\/wp-content\/uploads\/2025\/01\/Text-link-analysis.svg\" alt=\"\" class=\"wp-image-71\" style=\"object-fit:cover;width:32px;height:32px\"\/><\/figure>\n\n\n\n<h6 class=\"wp-block-heading title-h6 title-black\">Gesch\u00e4ftsplan<\/h6>\n\n\n\n<p>Wir entwickeln Immobilienstrategien , die auf Ihre Vorstellungen und finanziellen Ziele zugeschnitten sind.<\/p>\n\n\n\n<figure class=\"wp-block-image size-full\"><img loading=\"lazy\" decoding=\"async\" width=\"444\" height=\"328\" src=\"https:\/\/livingbycarlos.rwdesarrollos.es\/wp-content\/uploads\/2025\/01\/Rectangle-7.png\" alt=\"\" class=\"wp-image-62\" srcset=\"https:\/\/livingbycarlos.rwdesarrollos.es\/wp-content\/uploads\/2025\/01\/Rectangle-7.png 444w, https:\/\/livingbycarlos.rwdesarrollos.es\/wp-content\/uploads\/2025\/01\/Rectangle-7-300x222.png 300w\" sizes=\"auto, (max-width: 444px) 100vw, 444px\" \/><\/figure>\n<\/div>\n<\/div>\n<\/div><\/div>\n\n<div class=\"wp-block-group home_team__container\"><div class=\"wp-block-group__inner-container is-layout-constrained wp-block-group-is-layout-constrained\">\n<div class=\"wp-block-group\"><div class=\"wp-block-group__inner-container is-layout-constrained wp-block-group-is-layout-constrained\">\n<h6 class=\"wp-block-heading title-h6\">Team<\/h6>\n\n\n\n<h5 class=\"wp-block-heading title-h2\">Treffen Sie unser Team<\/h5>\n\n\n\n<p>Das Team von <em>Living by Carlos<\/em> besteht aus drei leidenschaftlichen und engagierten Fachleuten: <strong>Carlos<\/strong>, <strong>Alessandra <\/strong>und <strong>Joel<\/strong>, die zusammen eine dynamische Einheit bilden, die die Vision des Unternehmens zum Erfolg f\u00fchrt.<\/p>\n<\/div><\/div>\n\n\n\n<div class=\"wp-block-columns is-layout-flex wp-container-core-columns-is-layout-9d6595d7 wp-block-columns-is-layout-flex\">\n<div class=\"wp-block-column is-vertically-aligned-center is-layout-flow wp-block-column-is-layout-flow\">\n<p><strong>Carlos<\/strong>, der Gr\u00fcnder und Leiter des Teams, verf\u00fcgt \u00fcber einen umfassenden Hintergrund sowohl im Immobilien- als auch im Yachtbereich. Seine Erfahrung in der Welt des Segelns hat es ihm erm\u00f6glicht, einen einzigartigen Ansatz zu entwickeln, der das Wissen \u00fcber den Immobilienmarkt mit einer Gesch\u00e4ftsvision kombiniert, die sich auf den maritimen Lebensstil konzentriert. Carlos leitet <em>Living by Carlos<\/em> mit dem Ziel, einen pers\u00f6nlichen und detaillierten Service anzubieten, der auf die Bed\u00fcrfnisse jedes einzelnen Kunden zugeschnitten ist. Seine F\u00e4higkeit, diese beiden Welten zu verbinden, erm\u00f6glicht es ihm, exklusive L\u00f6sungen anzubieten, die sicherstellen, dass jeder Kunde einen umfassenden und spezialisierten Service erh\u00e4lt.   <\/p>\n\n\n\n<p><strong>Alessandra <\/strong>ist unsere Immobilienmaklerin mit einem umfassenden Hintergrund in diesem Sektor. Ihre F\u00e4higkeit, die besten Immobilien f\u00fcr unsere Kunden zu finden, ist un\u00fcbertroffen. Alessandra hat eine angeborene F\u00e4higkeit, die Bed\u00fcrfnisse jedes Kunden zu erkennen und sie mit Vertrauen beim Kauf, Verkauf oder der Vermietung von Immobilien zu begleiten. Ihre Kontaktfreudigkeit und ihr Engagement geben jedem Kunden das Gef\u00fchl, dass er in guten H\u00e4nden ist.   <\/p>\n\n\n\n<p><strong>Joel<\/strong>, unser Sekret\u00e4r und IT-Experte, ist die Schl\u00fcsselfigur f\u00fcr die interne Verwaltung des Teams. Dank seines Wissens \u00fcber Technologie und Computersysteme h\u00e4lt er die Abl\u00e4ufe bei <em>Living by Carlos<\/em> organisiert und effizient. Joel sorgt daf\u00fcr, dass der gesamte Informationsfluss, von der Datenbank bis zum Kundendienst, reibungslos abl\u00e4uft. Seine unterst\u00fctzende und koordinierende Rolle ist unerl\u00e4sslich, damit sich das Team darauf konzentrieren kann, unseren Kunden den besten Service zu bieten.   <\/p>\n\n\n\n<p>Gemeinsam bilden Carlos, Alessandra und Joel ein ausgewogenes, professionelles und hoch motiviertes Team, das sich stets f\u00fcr Spitzenleistungen und Innovation einsetzt. Unsere Leidenschaft ist es, Ihnen zu helfen, die perfekte Immobilie zu finden und Sie bei jedem Schritt zu begleiten. <\/p>\n<\/div>\n\n\n\n<div class=\"wp-block-column is-layout-flow wp-block-column-is-layout-flow\" style=\"flex-basis:40%\">\n<div class=\"wp-block-columns is-layout-flex wp-container-core-columns-is-layout-9d6595d7 wp-block-columns-is-layout-flex\">\n<div class=\"wp-block-column team__item is-layout-flow wp-block-column-is-layout-flow\">\n<figure class=\"wp-block-image size-full\"><img loading=\"lazy\" decoding=\"async\" width=\"200\" height=\"300\" src=\"https:\/\/livingbycarlos.rwdesarrollos.es\/wp-content\/uploads\/2025\/01\/Karl-Patrick-Wadstrom.png\" alt=\"\" class=\"wp-image-868\"\/><\/figure>\n\n\n\n<div class=\"wp-block-group team__item_info\"><div class=\"wp-block-group__inner-container is-layout-constrained wp-block-group-is-layout-constrained\">\n<p><strong>Karl Patrick Wadstrom<\/strong><\/p>\n\n\n\n<p>CEO &#8211; Founder<\/p>\n<\/div><\/div>\n<\/div>\n\n\n\n<div class=\"wp-block-column team__item is-layout-flow wp-block-column-is-layout-flow\">\n<figure class=\"wp-block-image size-full\"><img loading=\"lazy\" decoding=\"async\" width=\"201\" height=\"300\" src=\"https:\/\/livingbycarlos.rwdesarrollos.es\/wp-content\/uploads\/2025\/01\/Alessandra-Viganego.png\" alt=\"\" class=\"wp-image-872\"\/><\/figure>\n\n\n\n<div class=\"wp-block-group team__item_info\"><div class=\"wp-block-group__inner-container is-layout-constrained wp-block-group-is-layout-constrained\">\n<p><strong>Alessandra Viganego<\/strong><\/p>\n\n\n\n<p>COO &#8211; Partner<\/p>\n<\/div><\/div>\n<\/div>\n<\/div>\n<\/div>\n<\/div>\n<\/div><\/div>\n","protected":false},"excerpt":{"rendered":"<p>Wir von Living by Carlos haben uns darauf spezialisiert, Menschen mit einzigartigen Immobilien zusammenzubringen, die das Wesen Mallorcas einfangen. Bei Living by Carlos, vereinen wir Erfahrung und Leidenschaft f\u00fcr den Immobiliensektor um Ihnen exklusiveImmobilien auf Mallorca anzubieten. Unser individueller Ansatz gew\u00e4hrleistet sichere und rentable Investitionen, Wir helfen Ihnen, das perfekte Haus oder Projekt zu finden [&hellip;]<\/p>\n","protected":false},"author":1,"featured_media":893,"parent":0,"menu_order":0,"comment_status":"closed","ping_status":"closed","template":"","meta":{"inline_featured_image":false,"footnotes":""},"class_list":["post-2245","page","type-page","status-publish","has-post-thumbnail","hentry"],"_links":{"self":[{"href":"https:\/\/livingbycarlos.rwdesarrollos.es\/de\/wp-json\/wp\/v2\/pages\/2245","targetHints":{"allow":["GET"]}}],"collection":[{"href":"https:\/\/livingbycarlos.rwdesarrollos.es\/de\/wp-json\/wp\/v2\/pages"}],"about":[{"href":"https:\/\/livingbycarlos.rwdesarrollos.es\/de\/wp-json\/wp\/v2\/types\/page"}],"author":[{"embeddable":true,"href":"https:\/\/livingbycarlos.rwdesarrollos.es\/de\/wp-json\/wp\/v2\/users\/1"}],"replies":[{"embeddable":true,"href":"https:\/\/livingbycarlos.rwdesarrollos.es\/de\/wp-json\/wp\/v2\/comments?post=2245"}],"version-history":[{"count":6,"href":"https:\/\/livingbycarlos.rwdesarrollos.es\/de\/wp-json\/wp\/v2\/pages\/2245\/revisions"}],"predecessor-version":[{"id":2357,"href":"https:\/\/livingbycarlos.rwdesarrollos.es\/de\/wp-json\/wp\/v2\/pages\/2245\/revisions\/2357"}],"wp:featuredmedia":[{"embeddable":true,"href":"https:\/\/livingbycarlos.rwdesarrollos.es\/de\/wp-json\/wp\/v2\/media\/893"}],"wp:attachment":[{"href":"https:\/\/livingbycarlos.rwdesarrollos.es\/de\/wp-json\/wp\/v2\/media?parent=2245"}],"curies":[{"name":"wp","href":"https:\/\/api.w.org\/{rel}","templated":true}]}}